{"id":12767,"date":"2026-03-06T12:48:05","date_gmt":"2026-03-06T11:48:05","guid":{"rendered":"https:\/\/rolduc.com\/feiertage\/"},"modified":"2026-04-07T15:04:52","modified_gmt":"2026-04-07T13:04:52","slug":"feiertage","status":"publish","type":"page","link":"https:\/\/rolduc.com\/de\/feiertage\/","title":{"rendered":"Feiertage"},"content":{"rendered":"\t\t<div data-elementor-type=\"wp-page\" data-elementor-id=\"12767\" class=\"elementor elementor-12767 elementor-12716\" data-elementor-post-type=\"page\">\n\t\t\t\t<div class=\"elementor-element elementor-element-9ca1689 e-flex e-con-boxed e-con e-parent\" data-id=\"9ca1689\" data-element_type=\"container\" data-e-type=\"container\">\n\t\t\t\t\t<div class=\"e-con-inner\">\n\t\t\t\t\t<\/div>\n\t\t\t\t<\/div>\n\t\t<div class=\"elementor-element elementor-element-24d1ab5 e-flex e-con-boxed e-con e-parent\" data-id=\"24d1ab5\" data-element_type=\"container\" data-e-type=\"container\">\n\t\t\t\t\t<div class=\"e-con-inner\">\n\t\t\t\t<div class=\"elementor-element elementor-element-b2547d7 elementor-widget elementor-widget-text-editor\" data-id=\"b2547d7\" data-element_type=\"widget\" data-e-type=\"widget\" data-widget_type=\"text-editor.default\">\n\t\t\t\t<div class=\"elementor-widget-container\">\n\t\t\t\t\t\t\t\t\t<p data-start=\"142\" data-end=\"177\"><strong data-start=\"142\" data-end=\"175\">Willkommen im Abdij Hotel Rolduc<\/strong><\/p><p data-start=\"179\" data-end=\"417\">Lassen Sie sich von unserer Auswahl an festlichen Arrangements und besonderen kulinarischen Momenten \u00fcberraschen, die von der reichhaltigen Atmosph\u00e4re der Abtei inspiriert sind. W\u00e4hlen Sie unten Ihr gew\u00fcnschtes Special aus und reservieren Sie ganz einfach in wenigen Schritten Ihren Tisch oder Ihren Aufenthalt. <\/p><p data-start=\"419\" data-end=\"522\">Nach Eingabe Ihrer Daten erhalten Sie umgehend eine Best\u00e4tigung, sodass alles reibungslos geregelt ist.<\/p><p data-start=\"524\" data-end=\"712\">Kommen Sie mit einer gr\u00f6\u00dferen Gruppe oder haben Sie spezielle W\u00fcnsche? Dann rufen Sie uns einfach an. Unser Team hilft Ihnen gerne dabei, Ihren Besuch bis ins Detail zu planen. Senden Sie eine E-Mail an <a href=\"mailto:info@rolduc.com\">info@rolduc.com<\/a> oder rufen Sie uns unter <a href=\"tel:0031455466888\" target=\"_blank\" rel=\"noopener\">+31 (0)45 546 6888<\/a> an.   <\/p>\t\t\t\t\t\t\t\t<\/div>\n\t\t\t\t<\/div>\n\t\t\t\t\t<\/div>\n\t\t\t\t<\/div>\n\t\t<div class=\"elementor-element elementor-element-540d390 e-flex e-con-boxed e-con e-parent\" data-id=\"540d390\" data-element_type=\"container\" data-e-type=\"container\">\n\t\t\t\t\t<div class=\"e-con-inner\">\n\t\t<div class=\"elementor-element elementor-element-3bad12a e-con-full e-flex e-con e-child\" data-id=\"3bad12a\" data-element_type=\"container\" data-e-type=\"container\" data-settings=\"{&quot;background_background&quot;:&quot;classic&quot;}\">\n\t\t<div class=\"elementor-element elementor-element-1df6caf e-con-full e-flex e-con e-child\" data-id=\"1df6caf\" data-element_type=\"container\" data-e-type=\"container\" data-settings=\"{&quot;background_background&quot;:&quot;classic&quot;}\">\n\t\t\t\t<div class=\"elementor-element elementor-element-aa733e4 elementor-widget elementor-widget-image\" data-id=\"aa733e4\" data-element_type=\"widget\" data-e-type=\"widget\" data-widget_type=\"image.default\">\n\t\t\t\t<div class=\"elementor-widget-container\">\n\t\t\t\t\t\t\t\t\t\t\t\t\t\t\t<img fetchpriority=\"high\" decoding=\"async\" width=\"800\" height=\"800\" src=\"https:\/\/rolduc.com\/wp-content\/uploads\/2026\/02\/1-990x990.jpg\" class=\"attachment-large size-large wp-image-12726\" alt=\"\" srcset=\"https:\/\/rolduc.com\/wp-content\/uploads\/2026\/02\/1-990x990.jpg 990w, https:\/\/rolduc.com\/wp-content\/uploads\/2026\/02\/1-470x470.jpg 470w, https:\/\/rolduc.com\/wp-content\/uploads\/2026\/02\/1-180x180.jpg 180w, https:\/\/rolduc.com\/wp-content\/uploads\/2026\/02\/1-768x768.jpg 768w, https:\/\/rolduc.com\/wp-content\/uploads\/2026\/02\/1.jpg 1080w\" sizes=\"(max-width: 800px) 100vw, 800px\" \/>\t\t\t\t\t\t\t\t\t\t\t\t\t\t\t<\/div>\n\t\t\t\t<\/div>\n\t\t\t\t<\/div>\n\t\t\t\t<div class=\"elementor-element elementor-element-ad1d5d1 elementor-widget elementor-widget-heading\" data-id=\"ad1d5d1\" data-element_type=\"widget\" data-e-type=\"widget\" data-widget_type=\"heading.default\">\n\t\t\t\t<div class=\"elementor-widget-container\">\n\t\t\t\t\t<h3 class=\"elementor-heading-title elementor-size-default\">Sonntagsbrunch<\/h3>\t\t\t\t<\/div>\n\t\t\t\t<\/div>\n\t\t\t\t<div class=\"elementor-element elementor-element-0b1917d elementor-widget elementor-widget-text-editor\" data-id=\"0b1917d\" data-element_type=\"widget\" data-e-type=\"widget\" data-widget_type=\"text-editor.default\">\n\t\t\t\t<div class=\"elementor-widget-container\">\n\t\t\t\t\t\t\t\t\t<p>Kommen Sie jeden Sonntag von <strong>12:30 bis 15:00<\/strong> Uhr und genie\u00dfen Sie zusammen mit Familie und Freunden k\u00f6stliche Brunchgerichte.<\/p>\t\t\t\t\t\t\t\t<\/div>\n\t\t\t\t<\/div>\n\t\t\t\t<div class=\"elementor-element elementor-element-92308a5 elementor-widget elementor-widget-button\" data-id=\"92308a5\" data-element_type=\"widget\" data-e-type=\"widget\" data-widget_type=\"button.default\">\n\t\t\t\t<div class=\"elementor-widget-container\">\n\t\t\t\t\t\t\t\t\t<div class=\"elementor-button-wrapper\">\n\t\t\t\t\t<a class=\"elementor-button elementor-button-link elementor-size-sm\" href=\"https:\/\/rolduc.com\/wp-content\/uploads\/2026\/02\/Zondag-brunch-2026-Flyer-v23-02.pdf\">\n\t\t\t\t\t\t<span class=\"elementor-button-content-wrapper\">\n\t\t\t\t\t\t\t\t\t<span class=\"elementor-button-text\">Weitere Informationen<\/span>\n\t\t\t\t\t<\/span>\n\t\t\t\t\t<\/a>\n\t\t\t\t<\/div>\n\t\t\t\t\t\t\t\t<\/div>\n\t\t\t\t<\/div>\n\t\t\t\t<div class=\"elementor-element elementor-element-b82f960 elementor-widget elementor-widget-button\" data-id=\"b82f960\" data-element_type=\"widget\" data-e-type=\"widget\" data-widget_type=\"button.default\">\n\t\t\t\t<div class=\"elementor-widget-container\">\n\t\t\t\t\t\t\t\t\t<div class=\"elementor-button-wrapper\">\n\t\t\t\t\t<a class=\"elementor-button elementor-button-link elementor-size-sm\" href=\"https:\/\/bookings.zenchef.com\/results?rid=367435&#038;pid=1001&#038;shxpid=100505\">\n\t\t\t\t\t\t<span class=\"elementor-button-content-wrapper\">\n\t\t\t\t\t\t\t\t\t<span class=\"elementor-button-text\">Reservieren Sie Ihren Tisch<\/span>\n\t\t\t\t\t<\/span>\n\t\t\t\t\t<\/a>\n\t\t\t\t<\/div>\n\t\t\t\t\t\t\t\t<\/div>\n\t\t\t\t<\/div>\n\t\t\t\t<\/div>\n\t\t<div class=\"elementor-element elementor-element-1ffddba e-con-full e-flex e-con e-child\" data-id=\"1ffddba\" data-element_type=\"container\" data-e-type=\"container\" data-settings=\"{&quot;background_background&quot;:&quot;classic&quot;}\">\n\t\t<div class=\"elementor-element elementor-element-54f9f12 e-con-full e-flex e-con e-child\" data-id=\"54f9f12\" data-element_type=\"container\" data-e-type=\"container\">\n\t\t\t\t<div class=\"elementor-element elementor-element-d372efd elementor-widget elementor-widget-image\" data-id=\"d372efd\" data-element_type=\"widget\" data-e-type=\"widget\" data-widget_type=\"image.default\">\n\t\t\t\t<div class=\"elementor-widget-container\">\n\t\t\t\t\t\t\t\t\t\t\t\t\t\t\t<img decoding=\"async\" width=\"800\" height=\"800\" src=\"https:\/\/rolduc.com\/wp-content\/uploads\/2026\/02\/2-990x990.jpg\" class=\"attachment-large size-large wp-image-12732\" alt=\"\" srcset=\"https:\/\/rolduc.com\/wp-content\/uploads\/2026\/02\/2-990x990.jpg 990w, https:\/\/rolduc.com\/wp-content\/uploads\/2026\/02\/2-470x470.jpg 470w, https:\/\/rolduc.com\/wp-content\/uploads\/2026\/02\/2-180x180.jpg 180w, https:\/\/rolduc.com\/wp-content\/uploads\/2026\/02\/2-768x768.jpg 768w, https:\/\/rolduc.com\/wp-content\/uploads\/2026\/02\/2.jpg 1080w\" sizes=\"(max-width: 800px) 100vw, 800px\" \/>\t\t\t\t\t\t\t\t\t\t\t\t\t\t\t<\/div>\n\t\t\t\t<\/div>\n\t\t\t\t<\/div>\n\t\t\t\t<div class=\"elementor-element elementor-element-df6a953 elementor-widget elementor-widget-heading\" data-id=\"df6a953\" data-element_type=\"widget\" data-e-type=\"widget\" data-widget_type=\"heading.default\">\n\t\t\t\t<div class=\"elementor-widget-container\">\n\t\t\t\t\t<h3 class=\"elementor-heading-title elementor-size-default\">Muttertag<\/h3>\t\t\t\t<\/div>\n\t\t\t\t<\/div>\n\t\t\t\t<div class=\"elementor-element elementor-element-248982a elementor-widget elementor-widget-text-editor\" data-id=\"248982a\" data-element_type=\"widget\" data-e-type=\"widget\" data-widget_type=\"text-editor.default\">\n\t\t\t\t<div class=\"elementor-widget-container\">\n\t\t\t\t\t\t\t\t\t<p class=\"p1\">Verw\u00f6hnen Sie Ihre Mutter am Sonntag, dem 10. Mai, mit einem k\u00f6stlichen Muttertagsbrunch in einer warmen und gem\u00fctlichen Atmosph\u00e4re.<\/p><p class=\"p1\">Genie\u00dfen Sie leckere Gerichte mit der ganzen Familie.<\/p>\t\t\t\t\t\t\t\t<\/div>\n\t\t\t\t<\/div>\n\t\t\t\t<div class=\"elementor-element elementor-element-df47d84 elementor-widget elementor-widget-button\" data-id=\"df47d84\" data-element_type=\"widget\" data-e-type=\"widget\" data-widget_type=\"button.default\">\n\t\t\t\t<div class=\"elementor-widget-container\">\n\t\t\t\t\t\t\t\t\t<div class=\"elementor-button-wrapper\">\n\t\t\t\t\t<a class=\"elementor-button elementor-button-link elementor-size-sm\" href=\"https:\/\/rolduc.com\/wp-content\/uploads\/2026\/04\/Moederdag-2026-flyer-DE.pdf\">\n\t\t\t\t\t\t<span class=\"elementor-button-content-wrapper\">\n\t\t\t\t\t\t\t\t\t<span class=\"elementor-button-text\">Weitere Informationen<\/span>\n\t\t\t\t\t<\/span>\n\t\t\t\t\t<\/a>\n\t\t\t\t<\/div>\n\t\t\t\t\t\t\t\t<\/div>\n\t\t\t\t<\/div>\n\t\t\t\t<div class=\"elementor-element elementor-element-69023fd elementor-widget elementor-widget-button\" data-id=\"69023fd\" data-element_type=\"widget\" data-e-type=\"widget\" data-widget_type=\"button.default\">\n\t\t\t\t<div class=\"elementor-widget-container\">\n\t\t\t\t\t\t\t\t\t<div class=\"elementor-button-wrapper\">\n\t\t\t\t\t<a class=\"elementor-button elementor-button-link elementor-size-sm\" href=\"https:\/\/bookings.zenchef.com\/results?rid=367435&#038;pid=1001&#038;shxpid=100507\">\n\t\t\t\t\t\t<span class=\"elementor-button-content-wrapper\">\n\t\t\t\t\t\t\t\t\t<span class=\"elementor-button-text\">Reservieren Sie Ihren Tisch<\/span>\n\t\t\t\t\t<\/span>\n\t\t\t\t\t<\/a>\n\t\t\t\t<\/div>\n\t\t\t\t\t\t\t\t<\/div>\n\t\t\t\t<\/div>\n\t\t\t\t<\/div>\n\t\t<div class=\"elementor-element elementor-element-ed527d7 e-con-full e-flex e-con e-child\" data-id=\"ed527d7\" data-element_type=\"container\" data-e-type=\"container\" data-settings=\"{&quot;background_background&quot;:&quot;classic&quot;}\">\n\t\t<div class=\"elementor-element elementor-element-2bc32eb e-con-full e-flex e-con e-child\" data-id=\"2bc32eb\" data-element_type=\"container\" data-e-type=\"container\">\n\t\t\t\t<div class=\"elementor-element elementor-element-e94b1f2 elementor-widget elementor-widget-image\" data-id=\"e94b1f2\" data-element_type=\"widget\" data-e-type=\"widget\" data-widget_type=\"image.default\">\n\t\t\t\t<div class=\"elementor-widget-container\">\n\t\t\t\t\t\t\t\t\t\t\t\t\t\t\t<img decoding=\"async\" width=\"800\" height=\"800\" src=\"https:\/\/rolduc.com\/wp-content\/uploads\/2026\/02\/3-990x990.jpg\" class=\"attachment-large size-large wp-image-12735\" alt=\"\" srcset=\"https:\/\/rolduc.com\/wp-content\/uploads\/2026\/02\/3-990x990.jpg 990w, https:\/\/rolduc.com\/wp-content\/uploads\/2026\/02\/3-470x470.jpg 470w, https:\/\/rolduc.com\/wp-content\/uploads\/2026\/02\/3-180x180.jpg 180w, https:\/\/rolduc.com\/wp-content\/uploads\/2026\/02\/3-768x768.jpg 768w, https:\/\/rolduc.com\/wp-content\/uploads\/2026\/02\/3.jpg 1080w\" sizes=\"(max-width: 800px) 100vw, 800px\" \/>\t\t\t\t\t\t\t\t\t\t\t\t\t\t\t<\/div>\n\t\t\t\t<\/div>\n\t\t\t\t<\/div>\n\t\t\t\t<div class=\"elementor-element elementor-element-4f7ab07 elementor-widget elementor-widget-heading\" data-id=\"4f7ab07\" data-element_type=\"widget\" data-e-type=\"widget\" data-widget_type=\"heading.default\">\n\t\t\t\t<div class=\"elementor-widget-container\">\n\t\t\t\t\t<h3 class=\"elementor-heading-title elementor-size-default\">Vatertag<\/h3>\t\t\t\t<\/div>\n\t\t\t\t<\/div>\n\t\t\t\t<div class=\"elementor-element elementor-element-f6df466 elementor-widget elementor-widget-text-editor\" data-id=\"f6df466\" data-element_type=\"widget\" data-e-type=\"widget\" data-widget_type=\"text-editor.default\">\n\t\t\t\t<div class=\"elementor-widget-container\">\n\t\t\t\t\t\t\t\t\t<p data-start=\"103\" data-end=\"293\">\u00dcberraschen Sie Papa am <strong>Sonntag, den 21. Juni,<\/strong> mit einem k\u00f6stlichen Vatertagsbrunch in einer warmen und gem\u00fctlichen Atmosph\u00e4re.<br data-start=\"160\" data-end=\"163\">Genie\u00dfen Sie gemeinsam mit der ganzen Familie leckere Gerichte und machen Sie diesen Tag zu einem unvergesslichen Erlebnis!<\/p>\t\t\t\t\t\t\t\t<\/div>\n\t\t\t\t<\/div>\n\t\t\t\t<div class=\"elementor-element elementor-element-5e042cf elementor-widget elementor-widget-button\" data-id=\"5e042cf\" data-element_type=\"widget\" data-e-type=\"widget\" data-widget_type=\"button.default\">\n\t\t\t\t<div class=\"elementor-widget-container\">\n\t\t\t\t\t\t\t\t\t<div class=\"elementor-button-wrapper\">\n\t\t\t\t\t<a class=\"elementor-button elementor-button-link elementor-size-sm\" href=\"https:\/\/rolduc.com\/wp-content\/uploads\/2026\/04\/Vatertag-Brunch-flyer-2026-DE.pdf\">\n\t\t\t\t\t\t<span class=\"elementor-button-content-wrapper\">\n\t\t\t\t\t\t\t\t\t<span class=\"elementor-button-text\">Weitere Informationen<\/span>\n\t\t\t\t\t<\/span>\n\t\t\t\t\t<\/a>\n\t\t\t\t<\/div>\n\t\t\t\t\t\t\t\t<\/div>\n\t\t\t\t<\/div>\n\t\t\t\t<div class=\"elementor-element elementor-element-7144819 elementor-widget elementor-widget-button\" data-id=\"7144819\" data-element_type=\"widget\" data-e-type=\"widget\" data-widget_type=\"button.default\">\n\t\t\t\t<div class=\"elementor-widget-container\">\n\t\t\t\t\t\t\t\t\t<div class=\"elementor-button-wrapper\">\n\t\t\t\t\t<a class=\"elementor-button elementor-button-link elementor-size-sm\" href=\"https:\/\/bookings.zenchef.com\/results?rid=367435&#038;pid=1001&#038;shxpid=100510\">\n\t\t\t\t\t\t<span class=\"elementor-button-content-wrapper\">\n\t\t\t\t\t\t\t\t\t<span class=\"elementor-button-text\">Reservieren Sie Ihren Tisch<\/span>\n\t\t\t\t\t<\/span>\n\t\t\t\t\t<\/a>\n\t\t\t\t<\/div>\n\t\t\t\t\t\t\t\t<\/div>\n\t\t\t\t<\/div>\n\t\t\t\t<\/div>\n\t\t\t\t\t<\/div>\n\t\t\t\t<\/div>\n\t\t<div class=\"elementor-element elementor-element-ec6563f e-flex e-con-boxed e-con e-parent\" data-id=\"ec6563f\" data-element_type=\"container\" data-e-type=\"container\">\n\t\t\t\t\t<div class=\"e-con-inner\">\n\t\t\t\t<div class=\"elementor-element elementor-element-b67ad1a elementor-widget elementor-widget-html\" data-id=\"b67ad1a\" data-element_type=\"widget\" data-e-type=\"widget\" data-widget_type=\"html.default\">\n\t\t\t\t<div class=\"elementor-widget-container\">\n\t\t\t\t\t<!-- Zenchef Widget SDK -->\n<script>;(function (d, s, id) {const el = d.getElementsByTagName(s)[0]; if (d.getElementById(id) || el.parentNode == null) {return;} var js = d.createElement(s);  js.id = id; js.async = true; js.src = 'https:\/\/sdk.zenchef.com\/v1\/sdk.min.js';  el.parentNode.insertBefore(js, el); })(document, 'script', 'zenchef-sdk')<\/script>\n<div class=\"zc-widget-config\" data-restaurant=\"367435\" data-open=\"2000\"><\/div>\t\t\t\t<\/div>\n\t\t\t\t<\/div>\n\t\t\t\t\t<\/div>\n\t\t\t\t<\/div>\n\t\t\t\t<\/div>\n\t\t","protected":false},"excerpt":{"rendered":"<p>Willkommen im Abdij Hotel Rolduc Lassen Sie sich von unserer Auswahl an festlichen Arrangements und besonderen kulinarischen Momenten \u00fcberraschen, die von der reichhaltigen Atmosph\u00e4re der Abtei inspiriert sind. W\u00e4hlen Sie unten Ihr gew\u00fcnschtes Special aus und reservieren Sie ganz einfach in wenigen Schritten Ihren Tisch oder Ihren Aufenthalt. Nach Eingabe Ihrer Daten erhalten Sie umgehend [&hellip;]<\/p>\n","protected":false},"author":7,"featured_media":0,"parent":0,"menu_order":0,"comment_status":"closed","ping_status":"closed","template":"","meta":{"footnotes":""},"class_list":["post-12767","page","type-page","status-publish","hentry"],"yoast_head":"<!-- This site is optimized with the Yoast SEO plugin v27.4 - https:\/\/yoast.com\/product\/yoast-seo-wordpress\/ -->\n<title>Feiertage - Abdij Hotel Rolduc - Kerkrade<\/title>\n<meta name=\"robots\" content=\"index, follow, max-snippet:-1, max-image-preview:large, max-video-preview:-1\" \/>\n<link rel=\"canonical\" href=\"https:\/\/rolduc.com\/de\/feiertage\/\" \/>\n<meta property=\"og:locale\" content=\"de_DE\" \/>\n<meta property=\"og:type\" content=\"article\" \/>\n<meta property=\"og:title\" content=\"Feiertage - Abdij Hotel Rolduc - Kerkrade\" \/>\n<meta property=\"og:description\" content=\"Willkommen im Abdij Hotel Rolduc Lassen Sie sich von unserer Auswahl an festlichen Arrangements und besonderen kulinarischen Momenten \u00fcberraschen, die von der reichhaltigen Atmosph\u00e4re der Abtei inspiriert sind. W\u00e4hlen Sie unten Ihr gew\u00fcnschtes Special aus und reservieren Sie ganz einfach in wenigen Schritten Ihren Tisch oder Ihren Aufenthalt. Nach Eingabe Ihrer Daten erhalten Sie umgehend [&hellip;]\" \/>\n<meta property=\"og:url\" content=\"https:\/\/rolduc.com\/de\/feiertage\/\" \/>\n<meta property=\"og:site_name\" content=\"Abdij Hotel Rolduc - Kerkrade\" \/>\n<meta property=\"article:modified_time\" content=\"2026-04-07T13:04:52+00:00\" \/>\n<meta property=\"og:image\" content=\"https:\/\/rolduc.com\/wp-content\/uploads\/2026\/02\/1.jpg\" \/>\n\t<meta property=\"og:image:width\" content=\"1080\" \/>\n\t<meta property=\"og:image:height\" content=\"1080\" \/>\n\t<meta property=\"og:image:type\" content=\"image\/jpeg\" \/>\n<meta name=\"twitter:label1\" content=\"Gesch\u00e4tzte Lesezeit\" \/>\n\t<meta name=\"twitter:data1\" content=\"2 minutes\" \/>\n<script type=\"application\/ld+json\" class=\"yoast-schema-graph\">{\"@context\":\"https:\\\/\\\/schema.org\",\"@graph\":[{\"@type\":\"WebPage\",\"@id\":\"https:\\\/\\\/rolduc.com\\\/de\\\/feiertage\\\/\",\"url\":\"https:\\\/\\\/rolduc.com\\\/de\\\/feiertage\\\/\",\"name\":\"Feiertage - Abdij Hotel Rolduc - Kerkrade\",\"isPartOf\":{\"@id\":\"https:\\\/\\\/rolduc.com\\\/en\\\/#website\"},\"primaryImageOfPage\":{\"@id\":\"https:\\\/\\\/rolduc.com\\\/de\\\/feiertage\\\/#primaryimage\"},\"image\":{\"@id\":\"https:\\\/\\\/rolduc.com\\\/de\\\/feiertage\\\/#primaryimage\"},\"thumbnailUrl\":\"https:\\\/\\\/rolduc.com\\\/wp-content\\\/uploads\\\/2026\\\/02\\\/1-990x990.jpg\",\"datePublished\":\"2026-03-06T11:48:05+00:00\",\"dateModified\":\"2026-04-07T13:04:52+00:00\",\"breadcrumb\":{\"@id\":\"https:\\\/\\\/rolduc.com\\\/de\\\/feiertage\\\/#breadcrumb\"},\"inLanguage\":\"de-DE\",\"potentialAction\":[{\"@type\":\"ReadAction\",\"target\":[\"https:\\\/\\\/rolduc.com\\\/de\\\/feiertage\\\/\"]}]},{\"@type\":\"ImageObject\",\"inLanguage\":\"de-DE\",\"@id\":\"https:\\\/\\\/rolduc.com\\\/de\\\/feiertage\\\/#primaryimage\",\"url\":\"https:\\\/\\\/rolduc.com\\\/wp-content\\\/uploads\\\/2026\\\/02\\\/1-990x990.jpg\",\"contentUrl\":\"https:\\\/\\\/rolduc.com\\\/wp-content\\\/uploads\\\/2026\\\/02\\\/1-990x990.jpg\"},{\"@type\":\"BreadcrumbList\",\"@id\":\"https:\\\/\\\/rolduc.com\\\/de\\\/feiertage\\\/#breadcrumb\",\"itemListElement\":[{\"@type\":\"ListItem\",\"position\":1,\"name\":\"Home\",\"item\":\"https:\\\/\\\/rolduc.com\\\/de\\\/\"},{\"@type\":\"ListItem\",\"position\":2,\"name\":\"Feiertage\"}]},{\"@type\":\"WebSite\",\"@id\":\"https:\\\/\\\/rolduc.com\\\/en\\\/#website\",\"url\":\"https:\\\/\\\/rolduc.com\\\/en\\\/\",\"name\":\"Abdij Hotel Rolduc - Kerkrade\",\"description\":\"Genieten van gastvrijheid in een historische omgeving\",\"potentialAction\":[{\"@type\":\"SearchAction\",\"target\":{\"@type\":\"EntryPoint\",\"urlTemplate\":\"https:\\\/\\\/rolduc.com\\\/en\\\/?s={search_term_string}\"},\"query-input\":{\"@type\":\"PropertyValueSpecification\",\"valueRequired\":true,\"valueName\":\"search_term_string\"}}],\"inLanguage\":\"de-DE\"}]}<\/script>\n<!-- \/ Yoast SEO plugin. -->","yoast_head_json":{"title":"Feiertage - Abdij Hotel Rolduc - Kerkrade","robots":{"index":"index","follow":"follow","max-snippet":"max-snippet:-1","max-image-preview":"max-image-preview:large","max-video-preview":"max-video-preview:-1"},"canonical":"https:\/\/rolduc.com\/de\/feiertage\/","og_locale":"de_DE","og_type":"article","og_title":"Feiertage - Abdij Hotel Rolduc - Kerkrade","og_description":"Willkommen im Abdij Hotel Rolduc Lassen Sie sich von unserer Auswahl an festlichen Arrangements und besonderen kulinarischen Momenten \u00fcberraschen, die von der reichhaltigen Atmosph\u00e4re der Abtei inspiriert sind. W\u00e4hlen Sie unten Ihr gew\u00fcnschtes Special aus und reservieren Sie ganz einfach in wenigen Schritten Ihren Tisch oder Ihren Aufenthalt. Nach Eingabe Ihrer Daten erhalten Sie umgehend [&hellip;]","og_url":"https:\/\/rolduc.com\/de\/feiertage\/","og_site_name":"Abdij Hotel Rolduc - Kerkrade","article_modified_time":"2026-04-07T13:04:52+00:00","og_image":[{"width":1080,"height":1080,"url":"https:\/\/rolduc.com\/wp-content\/uploads\/2026\/02\/1.jpg","type":"image\/jpeg"}],"twitter_misc":{"Gesch\u00e4tzte Lesezeit":"2 minutes"},"schema":{"@context":"https:\/\/schema.org","@graph":[{"@type":"WebPage","@id":"https:\/\/rolduc.com\/de\/feiertage\/","url":"https:\/\/rolduc.com\/de\/feiertage\/","name":"Feiertage - Abdij Hotel Rolduc - Kerkrade","isPartOf":{"@id":"https:\/\/rolduc.com\/en\/#website"},"primaryImageOfPage":{"@id":"https:\/\/rolduc.com\/de\/feiertage\/#primaryimage"},"image":{"@id":"https:\/\/rolduc.com\/de\/feiertage\/#primaryimage"},"thumbnailUrl":"https:\/\/rolduc.com\/wp-content\/uploads\/2026\/02\/1-990x990.jpg","datePublished":"2026-03-06T11:48:05+00:00","dateModified":"2026-04-07T13:04:52+00:00","breadcrumb":{"@id":"https:\/\/rolduc.com\/de\/feiertage\/#breadcrumb"},"inLanguage":"de-DE","potentialAction":[{"@type":"ReadAction","target":["https:\/\/rolduc.com\/de\/feiertage\/"]}]},{"@type":"ImageObject","inLanguage":"de-DE","@id":"https:\/\/rolduc.com\/de\/feiertage\/#primaryimage","url":"https:\/\/rolduc.com\/wp-content\/uploads\/2026\/02\/1-990x990.jpg","contentUrl":"https:\/\/rolduc.com\/wp-content\/uploads\/2026\/02\/1-990x990.jpg"},{"@type":"BreadcrumbList","@id":"https:\/\/rolduc.com\/de\/feiertage\/#breadcrumb","itemListElement":[{"@type":"ListItem","position":1,"name":"Home","item":"https:\/\/rolduc.com\/de\/"},{"@type":"ListItem","position":2,"name":"Feiertage"}]},{"@type":"WebSite","@id":"https:\/\/rolduc.com\/en\/#website","url":"https:\/\/rolduc.com\/en\/","name":"Abdij Hotel Rolduc - Kerkrade","description":"Genieten van gastvrijheid in een historische omgeving","potentialAction":[{"@type":"SearchAction","target":{"@type":"EntryPoint","urlTemplate":"https:\/\/rolduc.com\/en\/?s={search_term_string}"},"query-input":{"@type":"PropertyValueSpecification","valueRequired":true,"valueName":"search_term_string"}}],"inLanguage":"de-DE"}]}},"_links":{"self":[{"href":"https:\/\/rolduc.com\/de\/wp-json\/wp\/v2\/pages\/12767","targetHints":{"allow":["GET"]}}],"collection":[{"href":"https:\/\/rolduc.com\/de\/wp-json\/wp\/v2\/pages"}],"about":[{"href":"https:\/\/rolduc.com\/de\/wp-json\/wp\/v2\/types\/page"}],"author":[{"embeddable":true,"href":"https:\/\/rolduc.com\/de\/wp-json\/wp\/v2\/users\/7"}],"replies":[{"embeddable":true,"href":"https:\/\/rolduc.com\/de\/wp-json\/wp\/v2\/comments?post=12767"}],"version-history":[{"count":5,"href":"https:\/\/rolduc.com\/de\/wp-json\/wp\/v2\/pages\/12767\/revisions"}],"predecessor-version":[{"id":12867,"href":"https:\/\/rolduc.com\/de\/wp-json\/wp\/v2\/pages\/12767\/revisions\/12867"}],"wp:attachment":[{"href":"https:\/\/rolduc.com\/de\/wp-json\/wp\/v2\/media?parent=12767"}],"curies":[{"name":"wp","href":"https:\/\/api.w.org\/{rel}","templated":true}]}}