{"id":9906,"date":"2023-08-04T12:20:48","date_gmt":"2023-08-04T10:20:48","guid":{"rendered":"https:\/\/rolduc.com\/umgebung\/"},"modified":"2024-08-01T13:07:06","modified_gmt":"2024-08-01T11:07:06","slug":"umgebung","status":"publish","type":"page","link":"https:\/\/rolduc.com\/de\/umgebung\/","title":{"rendered":"Umgebung"},"content":{"rendered":"\t\t<div data-elementor-type=\"wp-page\" data-elementor-id=\"9906\" class=\"elementor elementor-9906 elementor-6227\" data-elementor-post-type=\"page\">\n\t\t\t\t\t\t<section class=\"elementor-section elementor-top-section elementor-element elementor-element-f45232a elementor-section-boxed elementor-section-height-default elementor-section-height-default\" data-id=\"f45232a\" data-element_type=\"section\" data-e-type=\"section\" data-settings=\"{&quot;background_background&quot;:&quot;classic&quot;}\">\n\t\t\t\t\t\t<div class=\"elementor-container elementor-column-gap-wider\">\n\t\t\t\t\t<div class=\"elementor-column elementor-col-33 elementor-top-column elementor-element elementor-element-d109fd3\" data-id=\"d109fd3\" data-element_type=\"column\" data-e-type=\"column\">\n\t\t\t<div class=\"elementor-widget-wrap\">\n\t\t\t\t\t\t\t<\/div>\n\t\t<\/div>\n\t\t\t\t<div class=\"elementor-column elementor-col-66 elementor-top-column elementor-element elementor-element-c8f17a1\" data-id=\"c8f17a1\" data-element_type=\"column\" data-e-type=\"column\">\n\t\t\t<div class=\"elementor-widget-wrap elementor-element-populated\">\n\t\t\t\t\t\t<div class=\"elementor-element elementor-element-737c9fa elementor-widget elementor-widget-heading\" data-id=\"737c9fa\" data-element_type=\"widget\" data-e-type=\"widget\" data-widget_type=\"heading.default\">\n\t\t\t\t<div class=\"elementor-widget-container\">\n\t\t\t\t\t<h1 class=\"elementor-heading-title elementor-size-default\">Umgebung Abtei Hotel Rolduc.<\/h1>\t\t\t\t<\/div>\n\t\t\t\t<\/div>\n\t\t\t\t\t<\/div>\n\t\t<\/div>\n\t\t\t\t\t<\/div>\n\t\t<\/section>\n\t\t\t\t<section class=\"elementor-section elementor-top-section elementor-element elementor-element-46fa81c elementor-section-boxed elementor-section-height-default elementor-section-height-default\" data-id=\"46fa81c\" data-element_type=\"section\" data-e-type=\"section\" data-settings=\"{&quot;background_background&quot;:&quot;classic&quot;}\">\n\t\t\t\t\t\t<div class=\"elementor-container elementor-column-gap-wider\">\n\t\t\t\t\t<div class=\"elementor-column elementor-col-50 elementor-top-column elementor-element elementor-element-322f922\" data-id=\"322f922\" data-element_type=\"column\" data-e-type=\"column\">\n\t\t\t<div class=\"elementor-widget-wrap elementor-element-populated\">\n\t\t\t\t\t\t<div class=\"elementor-element elementor-element-c976c0b elementor-cta--skin-cover elementor-animated-content elementor-bg-transform elementor-bg-transform-zoom-in elementor-widget elementor-widget-call-to-action\" data-id=\"c976c0b\" data-element_type=\"widget\" data-e-type=\"widget\" data-widget_type=\"call-to-action.default\">\n\t\t\t\t<div class=\"elementor-widget-container\">\n\t\t\t\t\t\t\t<a class=\"elementor-cta\" href=\"https:\/\/shop.tickli.nl\/event\/Rondleiding_Rolduc\" target=\"_blank\">\n\t\t\t\t\t<div class=\"elementor-cta__bg-wrapper\">\n\t\t\t\t<div class=\"elementor-cta__bg elementor-bg\" style=\"background-image: url(https:\/\/rolduc.com\/wp-content\/uploads\/2021\/06\/IMG_6179-990x660.jpg);\" role=\"img\" aria-label=\"IMG_6179\"><\/div>\n\t\t\t\t<div class=\"elementor-cta__bg-overlay\"><\/div>\n\t\t\t<\/div>\n\t\t\t\t\t\t\t<div class=\"elementor-cta__content\">\n\t\t\t\t\t\t\t\t\t<div class=\"elementor-content-item elementor-cta__content-item elementor-icon-wrapper elementor-cta__icon elementor-view-default elementor-animated-item--fade-in\">\n\t\t\t\t\t\t<div class=\"elementor-icon\">\n\t\t\t\t\t\t\t<i aria-hidden=\"true\" class=\"fas fa-external-link-alt\"><\/i>\t\t\t\t\t\t<\/div>\n\t\t\t\t\t<\/div>\n\t\t\t\t\n\t\t\t\t\n\t\t\t\t\n\t\t\t\t\t\t\t<\/div>\n\t\t\t\t\t\t<\/a>\n\t\t\t\t\t\t<\/div>\n\t\t\t\t<\/div>\n\t\t\t\t<div class=\"elementor-element elementor-element-040177a elementor-widget elementor-widget-heading\" data-id=\"040177a\" data-element_type=\"widget\" data-e-type=\"widget\" data-widget_type=\"heading.default\">\n\t\t\t\t<div class=\"elementor-widget-container\">\n\t\t\t\t\t<h2 class=\"elementor-heading-title elementor-size-default\">Historischer Rundgang durch die Abtei <\/h2>\t\t\t\t<\/div>\n\t\t\t\t<\/div>\n\t\t\t\t<div class=\"elementor-element elementor-element-da76c65 elementor-widget elementor-widget-text-editor\" data-id=\"da76c65\" data-element_type=\"widget\" data-e-type=\"widget\" data-widget_type=\"text-editor.default\">\n\t\t\t\t<div class=\"elementor-widget-container\">\n\t\t\t\t\t\t\t\t\t<p>M\u00f6chten Sie mehr \u00fcber den Gr\u00fcnder von Rolduc, Ailbertus, und die Augustinerchorherren erfahren? Warum waren die ersten Herz\u00f6ge von Limburg in Rolduc? Wo wurde die erste Kohle abgebaut? Unsere G\u00e4stef\u00fchrer nehmen Sie eineinhalb Stunden lang mit in die beeindruckende Vergangenheit. Er f\u00fchrt Sie an Orte, zu denen normalerweise kein Zugang besteht. Jede Woche findet eine historische F\u00fchrung in niederl\u00e4ndischer Sprache statt.<\/p>\n\t\t\t\t\t\t\t\t<\/div>\n\t\t\t\t<\/div>\n\t\t\t\t<div class=\"elementor-element elementor-element-ba3a61c elementor-widget elementor-widget-button\" data-id=\"ba3a61c\" data-element_type=\"widget\" data-e-type=\"widget\" data-widget_type=\"button.default\">\n\t\t\t\t<div class=\"elementor-widget-container\">\n\t\t\t\t\t\t\t\t\t<div class=\"elementor-button-wrapper\">\n\t\t\t\t\t<a class=\"elementor-button elementor-button-link elementor-size-md\" href=\"https:\/\/shop.tickli.nl\/event\/Rondleiding_Rolduc\" target=\"_blank\">\n\t\t\t\t\t\t<span class=\"elementor-button-content-wrapper\">\n\t\t\t\t\t\t<span class=\"elementor-button-icon\">\n\t\t\t\t<i aria-hidden=\"true\" class=\"fas fa-caret-right\"><\/i>\t\t\t<\/span>\n\t\t\t\t\t\t\t\t\t<span class=\"elementor-button-text\">Verf\u00fcgbarkeit und Buchung von Tickets <\/span>\n\t\t\t\t\t<\/span>\n\t\t\t\t\t<\/a>\n\t\t\t\t<\/div>\n\t\t\t\t\t\t\t\t<\/div>\n\t\t\t\t<\/div>\n\t\t\t\t<div class=\"elementor-element elementor-element-346a835 elementor-widget elementor-widget-text-editor\" data-id=\"346a835\" data-element_type=\"widget\" data-e-type=\"widget\" data-widget_type=\"text-editor.default\">\n\t\t\t\t<div class=\"elementor-widget-container\">\n\t\t\t\t\t\t\t\t\t<p>Sie k\u00f6nnen eine Gruppenf\u00fchrung \u00fcber <a href=\"mailto:info@bcrolduc.nl\">info@bcrolduc.nl<\/a> anfragen.<\/p>\n\t\t\t\t\t\t\t\t<\/div>\n\t\t\t\t<\/div>\n\t\t\t\t\t<\/div>\n\t\t<\/div>\n\t\t\t\t<div class=\"elementor-column elementor-col-50 elementor-top-column elementor-element elementor-element-2985cdc\" data-id=\"2985cdc\" data-element_type=\"column\" data-e-type=\"column\">\n\t\t\t<div class=\"elementor-widget-wrap elementor-element-populated\">\n\t\t\t\t\t\t<div class=\"elementor-element elementor-element-bb6f16e elementor-cta--skin-cover elementor-animated-content elementor-bg-transform elementor-bg-transform-zoom-in elementor-widget elementor-widget-call-to-action\" data-id=\"bb6f16e\" data-element_type=\"widget\" data-e-type=\"widget\" data-widget_type=\"call-to-action.default\">\n\t\t\t\t<div class=\"elementor-widget-container\">\n\t\t\t\t\t\t\t<div class=\"elementor-cta\">\n\t\t\t\t\t<div class=\"elementor-cta__bg-wrapper\">\n\t\t\t\t<div class=\"elementor-cta__bg elementor-bg\" style=\"background-image: url(https:\/\/rolduc.com\/wp-content\/uploads\/2021\/06\/ABDIJ-ROLDUC-LUCHTFOTO-990x557.png);\" role=\"img\" aria-label=\"ABDIJ ROLDUC LUCHTFOTO\"><\/div>\n\t\t\t\t<div class=\"elementor-cta__bg-overlay\"><\/div>\n\t\t\t<\/div>\n\t\t\t\t\t\t\t<div class=\"elementor-cta__content\">\n\t\t\t\t\t\t\t\t\t<div class=\"elementor-content-item elementor-cta__content-item elementor-icon-wrapper elementor-cta__icon elementor-view-default elementor-animated-item--fade-in\">\n\t\t\t\t\t\t<div class=\"elementor-icon\">\n\t\t\t\t\t\t\t\t\t\t\t\t\t<\/div>\n\t\t\t\t\t<\/div>\n\t\t\t\t\n\t\t\t\t\n\t\t\t\t\n\t\t\t\t\t\t\t<\/div>\n\t\t\t\t\t\t<\/div>\n\t\t\t\t\t\t<\/div>\n\t\t\t\t<\/div>\n\t\t\t\t<div class=\"elementor-element elementor-element-4396ddb elementor-widget elementor-widget-heading\" data-id=\"4396ddb\" data-element_type=\"widget\" data-e-type=\"widget\" data-widget_type=\"heading.default\">\n\t\t\t\t<div class=\"elementor-widget-container\">\n\t\t\t\t\t<h2 class=\"elementor-heading-title elementor-size-default\">Die Abtei Rolduc als Ausgangspunkt f\u00fcr ihre Wander- oder Radtour <\/h2>\t\t\t\t<\/div>\n\t\t\t\t<\/div>\n\t\t\t\t<div class=\"elementor-element elementor-element-798c9c7 elementor-widget elementor-widget-text-editor\" data-id=\"798c9c7\" data-element_type=\"widget\" data-e-type=\"widget\" data-widget_type=\"text-editor.default\">\n\t\t\t\t<div class=\"elementor-widget-container\">\n\t\t\t\t\t\t\t\t\t<p>Wussten Sie schon, dass es nicht nur auf dem Gel\u00e4nde, sondern auch in ihrer Umgebung viel zu entdecken und zu erleben gibt? Starten Sie also Ihre Rad- oder Wandertour von Rolduc aus und erkunden Sie die Umgebung. Viele Wanderrouten beginnen und enden an der Abtei oder sind nur wenige Minuten entfernt. Abtei Rolduc ist Teil des Herzog Limburgpfades und des Abteiweinpfades. An der Rezeption erhalten Sie die n\u00f6tigen Informationen und eine Wanderbrosch\u00fcre.<\/p>\n<p>Fahren Sie lieber Rad? Auch dann sind Sie in Rolduc an der richtigen Adresse. Wir sind sogar eine ANWB-Fahrradservicestelle. Das bedeutet, dass wir eine kostenlose Fahrradservice-Box zur Verf\u00fcgung stellen, in der Sie einfache Reparaturen an Ihrem Fahrrad selbst durchf\u00fchren k\u00f6nnen. Es gibt auch eine Ladestation f\u00fcr Fahrr\u00e4der und Sie k\u00f6nnen Ihr Fahrrad sicher in unserem abgeschlossenen Fahrradschuppen abstellen.<\/p>\n<p>M\u00f6chten Sie ein Lunchpaket mitnehmen? Die Rezeption informiert Sie gerne \u00fcber die M\u00f6glichkeiten.<\/p>\n\t\t\t\t\t\t\t\t<\/div>\n\t\t\t\t<\/div>\n\t\t\t\t\t<\/div>\n\t\t<\/div>\n\t\t\t\t\t<\/div>\n\t\t<\/section>\n\t\t\t\t<section class=\"elementor-section elementor-top-section elementor-element elementor-element-ac76e4e elementor-section-boxed elementor-section-height-default elementor-section-height-default\" data-id=\"ac76e4e\" data-element_type=\"section\" data-e-type=\"section\" data-settings=\"{&quot;background_background&quot;:&quot;classic&quot;}\">\n\t\t\t\t\t\t<div class=\"elementor-container elementor-column-gap-wider\">\n\t\t\t\t\t<div class=\"elementor-column elementor-col-33 elementor-top-column elementor-element elementor-element-0f3b97a\" data-id=\"0f3b97a\" data-element_type=\"column\" data-e-type=\"column\">\n\t\t\t<div class=\"elementor-widget-wrap elementor-element-populated\">\n\t\t\t\t\t\t<div class=\"elementor-element elementor-element-0c363b8 elementor-widget elementor-widget-heading\" data-id=\"0c363b8\" data-element_type=\"widget\" data-e-type=\"widget\" data-widget_type=\"heading.default\">\n\t\t\t\t<div class=\"elementor-widget-container\">\n\t\t\t\t\t<h2 class=\"elementor-heading-title elementor-size-default\">GaiaZOO <\/h2>\t\t\t\t<\/div>\n\t\t\t\t<\/div>\n\t\t\t\t<div class=\"elementor-element elementor-element-71e0ed9 elementor-widget elementor-widget-text-editor\" data-id=\"71e0ed9\" data-element_type=\"widget\" data-e-type=\"widget\" data-widget_type=\"text-editor.default\">\n\t\t\t\t<div class=\"elementor-widget-container\">\n\t\t\t\t\t\t\t\t\t<p>Im GaiaZOO reist man an einem Tag um die Welt und begegnet vielen besonderen und einzigartigen Tieren. GaiaZOO bietet einen unvergesslichen Tagesausflug f\u00fcr Jung und Alt. Die Tiere gibt es in allen Formen, Gr\u00f6\u00dfen und Farben. Im GaiaZOO lernst du 150 verschiedene Tierarten kennen, von A(ffe) bis Z(ebra). Alle Tiere besucht? Zeit zum Spielspa\u00df genug!<span class=\"Apple-converted-space\"> <\/span><\/p>\n\t\t\t\t\t\t\t\t<\/div>\n\t\t\t\t<\/div>\n\t\t\t\t<div class=\"elementor-element elementor-element-89200aa elementor-icon-list--layout-traditional elementor-list-item-link-full_width elementor-widget elementor-widget-icon-list\" data-id=\"89200aa\" data-element_type=\"widget\" data-e-type=\"widget\" data-widget_type=\"icon-list.default\">\n\t\t\t\t<div class=\"elementor-widget-container\">\n\t\t\t\t\t\t\t<ul class=\"elementor-icon-list-items\">\n\t\t\t\t\t\t\t<li class=\"elementor-icon-list-item\">\n\t\t\t\t\t\t\t\t\t\t\t<span class=\"elementor-icon-list-icon\">\n\t\t\t\t\t\t\t<i aria-hidden=\"true\" class=\"fas fa-map-marker-alt\"><\/i>\t\t\t\t\t\t<\/span>\n\t\t\t\t\t\t\t\t\t\t<span class=\"elementor-icon-list-text\">Gaiaboulevard 1, 6468 PH Kerkrade<\/span>\n\t\t\t\t\t\t\t\t\t<\/li>\n\t\t\t\t\t\t\t\t<li class=\"elementor-icon-list-item\">\n\t\t\t\t\t\t\t\t\t\t\t<a href=\"https:\/\/www.gaiazoo.nl\/\" target=\"_blank\">\n\n\t\t\t\t\t\t\t\t\t\t\t\t<span class=\"elementor-icon-list-icon\">\n\t\t\t\t\t\t\t<i aria-hidden=\"true\" class=\"fas fa-mouse-pointer\"><\/i>\t\t\t\t\t\t<\/span>\n\t\t\t\t\t\t\t\t\t\t<span class=\"elementor-icon-list-text\">gaiazoo.nl<\/span>\n\t\t\t\t\t\t\t\t\t\t\t<\/a>\n\t\t\t\t\t\t\t\t\t<\/li>\n\t\t\t\t\t\t<\/ul>\n\t\t\t\t\t\t<\/div>\n\t\t\t\t<\/div>\n\t\t\t\t\t<\/div>\n\t\t<\/div>\n\t\t\t\t<div class=\"elementor-column elementor-col-33 elementor-top-column elementor-element elementor-element-a7750aa\" data-id=\"a7750aa\" data-element_type=\"column\" data-e-type=\"column\">\n\t\t\t<div class=\"elementor-widget-wrap elementor-element-populated\">\n\t\t\t\t\t\t<div class=\"elementor-element elementor-element-09e7b1e elementor-widget elementor-widget-heading\" data-id=\"09e7b1e\" data-element_type=\"widget\" data-e-type=\"widget\" data-widget_type=\"heading.default\">\n\t\t\t\t<div class=\"elementor-widget-container\">\n\t\t\t\t\t<h2 class=\"elementor-heading-title elementor-size-default\">Continium Discovery Center <\/h2>\t\t\t\t<\/div>\n\t\t\t\t<\/div>\n\t\t\t\t<div class=\"elementor-element elementor-element-9b3d02c elementor-widget elementor-widget-text-editor\" data-id=\"9b3d02c\" data-element_type=\"widget\" data-e-type=\"widget\" data-widget_type=\"text-editor.default\">\n\t\t\t\t<div class=\"elementor-widget-container\">\n\t\t\t\t\t\t\t\t\t<p>Im Entdeckungszentrum Continium gibt es viel zu tun. K\u00e4mpfe mit Robotern in der Explore Zone, entdecke die Vergangenheit in der Hall of Fame oder erkunde den Weltraum! Gehen Sie hin und entdecken Sie selbst, was sonst noch geboten wird!<\/p>\n\t\t\t\t\t\t\t\t<\/div>\n\t\t\t\t<\/div>\n\t\t\t\t<div class=\"elementor-element elementor-element-934ef02 elementor-icon-list--layout-traditional elementor-list-item-link-full_width elementor-widget elementor-widget-icon-list\" data-id=\"934ef02\" data-element_type=\"widget\" data-e-type=\"widget\" data-widget_type=\"icon-list.default\">\n\t\t\t\t<div class=\"elementor-widget-container\">\n\t\t\t\t\t\t\t<ul class=\"elementor-icon-list-items\">\n\t\t\t\t\t\t\t<li class=\"elementor-icon-list-item\">\n\t\t\t\t\t\t\t\t\t\t\t<span class=\"elementor-icon-list-icon\">\n\t\t\t\t\t\t\t<i aria-hidden=\"true\" class=\"fas fa-map-marker-alt\"><\/i>\t\t\t\t\t\t<\/span>\n\t\t\t\t\t\t\t\t\t\t<span class=\"elementor-icon-list-text\">Museumplein 2, 6461 MA Kerkrade<\/span>\n\t\t\t\t\t\t\t\t\t<\/li>\n\t\t\t\t\t\t\t\t<li class=\"elementor-icon-list-item\">\n\t\t\t\t\t\t\t\t\t\t\t<a href=\"https:\/\/www.discoverymuseum.nl\/\" target=\"_blank\">\n\n\t\t\t\t\t\t\t\t\t\t\t\t<span class=\"elementor-icon-list-icon\">\n\t\t\t\t\t\t\t<i aria-hidden=\"true\" class=\"fas fa-mouse-pointer\"><\/i>\t\t\t\t\t\t<\/span>\n\t\t\t\t\t\t\t\t\t\t<span class=\"elementor-icon-list-text\">discoverymuseum.nl<\/span>\n\t\t\t\t\t\t\t\t\t\t\t<\/a>\n\t\t\t\t\t\t\t\t\t<\/li>\n\t\t\t\t\t\t<\/ul>\n\t\t\t\t\t\t<\/div>\n\t\t\t\t<\/div>\n\t\t\t\t\t<\/div>\n\t\t<\/div>\n\t\t\t\t<div class=\"elementor-column elementor-col-33 elementor-top-column elementor-element elementor-element-66a2cb5\" data-id=\"66a2cb5\" data-element_type=\"column\" data-e-type=\"column\">\n\t\t\t<div class=\"elementor-widget-wrap elementor-element-populated\">\n\t\t\t\t\t\t<div class=\"elementor-element elementor-element-1d1f54f elementor-widget elementor-widget-heading\" data-id=\"1d1f54f\" data-element_type=\"widget\" data-e-type=\"widget\" data-widget_type=\"heading.default\">\n\t\t\t\t<div class=\"elementor-widget-container\">\n\t\t\t\t\t<h2 class=\"elementor-heading-title elementor-size-default\">Mondo Verde<\/h2>\t\t\t\t<\/div>\n\t\t\t\t<\/div>\n\t\t\t\t<div class=\"elementor-element elementor-element-5b6c431 elementor-widget elementor-widget-text-editor\" data-id=\"5b6c431\" data-element_type=\"widget\" data-e-type=\"widget\" data-widget_type=\"text-editor.default\">\n\t\t\t\t<div class=\"elementor-widget-container\">\n\t\t\t\t\t\t\t\t\t<p>Gehen Sie hin und entdecken Sie selbst, was sonst noch geboten wird! In Mondo Verde k\u00f6nnen Sie alles an einem Tag sehen! In diesem Familienpark gibt es f\u00fcr Jung und Alt viel zu sehen und zu erleben. Wussten Sie, dass in Ihrer Eintrittskarte unbegrenzte Verpflegung enthalten ist?<\/p>\n\t\t\t\t\t\t\t\t<\/div>\n\t\t\t\t<\/div>\n\t\t\t\t<div class=\"elementor-element elementor-element-f99980c elementor-icon-list--layout-traditional elementor-list-item-link-full_width elementor-widget elementor-widget-icon-list\" data-id=\"f99980c\" data-element_type=\"widget\" data-e-type=\"widget\" data-widget_type=\"icon-list.default\">\n\t\t\t\t<div class=\"elementor-widget-container\">\n\t\t\t\t\t\t\t<ul class=\"elementor-icon-list-items\">\n\t\t\t\t\t\t\t<li class=\"elementor-icon-list-item\">\n\t\t\t\t\t\t\t\t\t\t\t<span class=\"elementor-icon-list-icon\">\n\t\t\t\t\t\t\t<i aria-hidden=\"true\" class=\"fas fa-map-marker-alt\"><\/i>\t\t\t\t\t\t<\/span>\n\t\t\t\t\t\t\t\t\t\t<span class=\"elementor-icon-list-text\">Groene Wereld 10, 6372 PW Landgraaf<\/span>\n\t\t\t\t\t\t\t\t\t<\/li>\n\t\t\t\t\t\t\t\t<li class=\"elementor-icon-list-item\">\n\t\t\t\t\t\t\t\t\t\t\t<a href=\"https:\/\/www.wereldtuinenmondoverde.nl\/\" target=\"_blank\">\n\n\t\t\t\t\t\t\t\t\t\t\t\t<span class=\"elementor-icon-list-icon\">\n\t\t\t\t\t\t\t<i aria-hidden=\"true\" class=\"fas fa-mouse-pointer\"><\/i>\t\t\t\t\t\t<\/span>\n\t\t\t\t\t\t\t\t\t\t<span class=\"elementor-icon-list-text\">wereldtuinenmondoverde.nl<\/span>\n\t\t\t\t\t\t\t\t\t\t\t<\/a>\n\t\t\t\t\t\t\t\t\t<\/li>\n\t\t\t\t\t\t<\/ul>\n\t\t\t\t\t\t<\/div>\n\t\t\t\t<\/div>\n\t\t\t\t\t<\/div>\n\t\t<\/div>\n\t\t\t\t\t<\/div>\n\t\t<\/section>\n\t\t\t\t<\/div>\n\t\t","protected":false},"excerpt":{"rendered":"<p>Umgebung Abtei Hotel Rolduc. Historischer Rundgang durch die Abtei M\u00f6chten Sie mehr \u00fcber den Gr\u00fcnder von Rolduc, Ailbertus, und die Augustinerchorherren erfahren? Warum waren die ersten Herz\u00f6ge von Limburg in Rolduc? Wo wurde die erste Kohle abgebaut? Unsere G\u00e4stef\u00fchrer nehmen Sie eineinhalb Stunden lang mit in die beeindruckende Vergangenheit. Er f\u00fchrt Sie an Orte, zu [&hellip;]<\/p>\n","protected":false},"author":1,"featured_media":0,"parent":0,"menu_order":0,"comment_status":"closed","ping_status":"closed","template":"","meta":{"footnotes":""},"class_list":["post-9906","page","type-page","status-publish","hentry"],"yoast_head":"<!-- This site is optimized with the Yoast SEO plugin v27.4 - https:\/\/yoast.com\/product\/yoast-seo-wordpress\/ -->\n<title>Umgebung - Abdij Hotel Rolduc - Kerkrade<\/title>\n<meta name=\"robots\" content=\"index, follow, max-snippet:-1, max-image-preview:large, max-video-preview:-1\" \/>\n<link rel=\"canonical\" href=\"https:\/\/rolduc.com\/de\/umgebung\/\" \/>\n<meta property=\"og:locale\" content=\"de_DE\" \/>\n<meta property=\"og:type\" content=\"article\" \/>\n<meta property=\"og:title\" content=\"Umgebung - Abdij Hotel Rolduc - Kerkrade\" \/>\n<meta property=\"og:description\" content=\"Umgebung Abtei Hotel Rolduc. Historischer Rundgang durch die Abtei M\u00f6chten Sie mehr \u00fcber den Gr\u00fcnder von Rolduc, Ailbertus, und die Augustinerchorherren erfahren? Warum waren die ersten Herz\u00f6ge von Limburg in Rolduc? Wo wurde die erste Kohle abgebaut? Unsere G\u00e4stef\u00fchrer nehmen Sie eineinhalb Stunden lang mit in die beeindruckende Vergangenheit. Er f\u00fchrt Sie an Orte, zu [&hellip;]\" \/>\n<meta property=\"og:url\" content=\"https:\/\/rolduc.com\/de\/umgebung\/\" \/>\n<meta property=\"og:site_name\" content=\"Abdij Hotel Rolduc - Kerkrade\" \/>\n<meta property=\"article:modified_time\" content=\"2024-08-01T11:07:06+00:00\" \/>\n<meta name=\"twitter:label1\" content=\"Gesch\u00e4tzte Lesezeit\" \/>\n\t<meta name=\"twitter:data1\" content=\"2 minutes\" \/>\n<script type=\"application\/ld+json\" class=\"yoast-schema-graph\">{\"@context\":\"https:\\\/\\\/schema.org\",\"@graph\":[{\"@type\":\"WebPage\",\"@id\":\"https:\\\/\\\/rolduc.com\\\/de\\\/umgebung\\\/\",\"url\":\"https:\\\/\\\/rolduc.com\\\/de\\\/umgebung\\\/\",\"name\":\"Umgebung - Abdij Hotel Rolduc - Kerkrade\",\"isPartOf\":{\"@id\":\"https:\\\/\\\/rolduc.com\\\/en\\\/#website\"},\"datePublished\":\"2023-08-04T10:20:48+00:00\",\"dateModified\":\"2024-08-01T11:07:06+00:00\",\"breadcrumb\":{\"@id\":\"https:\\\/\\\/rolduc.com\\\/de\\\/umgebung\\\/#breadcrumb\"},\"inLanguage\":\"de-DE\",\"potentialAction\":[{\"@type\":\"ReadAction\",\"target\":[\"https:\\\/\\\/rolduc.com\\\/de\\\/umgebung\\\/\"]}]},{\"@type\":\"BreadcrumbList\",\"@id\":\"https:\\\/\\\/rolduc.com\\\/de\\\/umgebung\\\/#breadcrumb\",\"itemListElement\":[{\"@type\":\"ListItem\",\"position\":1,\"name\":\"Home\",\"item\":\"https:\\\/\\\/rolduc.com\\\/de\\\/\"},{\"@type\":\"ListItem\",\"position\":2,\"name\":\"Umgebung\"}]},{\"@type\":\"WebSite\",\"@id\":\"https:\\\/\\\/rolduc.com\\\/en\\\/#website\",\"url\":\"https:\\\/\\\/rolduc.com\\\/en\\\/\",\"name\":\"Abdij Hotel Rolduc - Kerkrade\",\"description\":\"Genieten van gastvrijheid in een historische omgeving\",\"potentialAction\":[{\"@type\":\"SearchAction\",\"target\":{\"@type\":\"EntryPoint\",\"urlTemplate\":\"https:\\\/\\\/rolduc.com\\\/en\\\/?s={search_term_string}\"},\"query-input\":{\"@type\":\"PropertyValueSpecification\",\"valueRequired\":true,\"valueName\":\"search_term_string\"}}],\"inLanguage\":\"de-DE\"}]}<\/script>\n<!-- \/ Yoast SEO plugin. -->","yoast_head_json":{"title":"Umgebung - Abdij Hotel Rolduc - Kerkrade","robots":{"index":"index","follow":"follow","max-snippet":"max-snippet:-1","max-image-preview":"max-image-preview:large","max-video-preview":"max-video-preview:-1"},"canonical":"https:\/\/rolduc.com\/de\/umgebung\/","og_locale":"de_DE","og_type":"article","og_title":"Umgebung - Abdij Hotel Rolduc - Kerkrade","og_description":"Umgebung Abtei Hotel Rolduc. Historischer Rundgang durch die Abtei M\u00f6chten Sie mehr \u00fcber den Gr\u00fcnder von Rolduc, Ailbertus, und die Augustinerchorherren erfahren? Warum waren die ersten Herz\u00f6ge von Limburg in Rolduc? Wo wurde die erste Kohle abgebaut? Unsere G\u00e4stef\u00fchrer nehmen Sie eineinhalb Stunden lang mit in die beeindruckende Vergangenheit. Er f\u00fchrt Sie an Orte, zu [&hellip;]","og_url":"https:\/\/rolduc.com\/de\/umgebung\/","og_site_name":"Abdij Hotel Rolduc - Kerkrade","article_modified_time":"2024-08-01T11:07:06+00:00","twitter_misc":{"Gesch\u00e4tzte Lesezeit":"2 minutes"},"schema":{"@context":"https:\/\/schema.org","@graph":[{"@type":"WebPage","@id":"https:\/\/rolduc.com\/de\/umgebung\/","url":"https:\/\/rolduc.com\/de\/umgebung\/","name":"Umgebung - Abdij Hotel Rolduc - Kerkrade","isPartOf":{"@id":"https:\/\/rolduc.com\/en\/#website"},"datePublished":"2023-08-04T10:20:48+00:00","dateModified":"2024-08-01T11:07:06+00:00","breadcrumb":{"@id":"https:\/\/rolduc.com\/de\/umgebung\/#breadcrumb"},"inLanguage":"de-DE","potentialAction":[{"@type":"ReadAction","target":["https:\/\/rolduc.com\/de\/umgebung\/"]}]},{"@type":"BreadcrumbList","@id":"https:\/\/rolduc.com\/de\/umgebung\/#breadcrumb","itemListElement":[{"@type":"ListItem","position":1,"name":"Home","item":"https:\/\/rolduc.com\/de\/"},{"@type":"ListItem","position":2,"name":"Umgebung"}]},{"@type":"WebSite","@id":"https:\/\/rolduc.com\/en\/#website","url":"https:\/\/rolduc.com\/en\/","name":"Abdij Hotel Rolduc - Kerkrade","description":"Genieten van gastvrijheid in een historische omgeving","potentialAction":[{"@type":"SearchAction","target":{"@type":"EntryPoint","urlTemplate":"https:\/\/rolduc.com\/en\/?s={search_term_string}"},"query-input":{"@type":"PropertyValueSpecification","valueRequired":true,"valueName":"search_term_string"}}],"inLanguage":"de-DE"}]}},"_links":{"self":[{"href":"https:\/\/rolduc.com\/de\/wp-json\/wp\/v2\/pages\/9906","targetHints":{"allow":["GET"]}}],"collection":[{"href":"https:\/\/rolduc.com\/de\/wp-json\/wp\/v2\/pages"}],"about":[{"href":"https:\/\/rolduc.com\/de\/wp-json\/wp\/v2\/types\/page"}],"author":[{"embeddable":true,"href":"https:\/\/rolduc.com\/de\/wp-json\/wp\/v2\/users\/1"}],"replies":[{"embeddable":true,"href":"https:\/\/rolduc.com\/de\/wp-json\/wp\/v2\/comments?post=9906"}],"version-history":[{"count":2,"href":"https:\/\/rolduc.com\/de\/wp-json\/wp\/v2\/pages\/9906\/revisions"}],"predecessor-version":[{"id":11619,"href":"https:\/\/rolduc.com\/de\/wp-json\/wp\/v2\/pages\/9906\/revisions\/11619"}],"wp:attachment":[{"href":"https:\/\/rolduc.com\/de\/wp-json\/wp\/v2\/media?parent=9906"}],"curies":[{"name":"wp","href":"https:\/\/api.w.org\/{rel}","templated":true}]}}